{"id":8726,"date":"2020-03-02T08:31:18","date_gmt":"2020-03-02T08:31:18","guid":{"rendered":"https:\/\/visitrayong.com\/?page_id=8726"},"modified":"2020-03-03T08:58:48","modified_gmt":"2020-03-03T08:58:48","slug":"thai-culture","status":"publish","type":"page","link":"https:\/\/visitrayong.com\/sv\/thai-culture\/","title":{"rendered":"Thai Culture"},"content":{"rendered":"<p>[et_pb_section fb_built=&#8221;1&#8243; _builder_version=&#8221;4.3.2&#8243;][et_pb_row _builder_version=&#8221;4.3.2&#8243;][et_pb_column type=&#8221;4_4&#8243; _builder_version=&#8221;4.3.2&#8243;][et_pb_text _builder_version=&#8221;4.3.2&#8243; text_font=&#8221;Roboto|300|||||||&#8221; text_letter_spacing=&#8221;2px&#8221; header_2_font=&#8221;Pontano Sans|700|||||||&#8221; header_2_text_align=&#8221;center&#8221; header_2_font_size=&#8221;50px&#8221; header_2_letter_spacing=&#8221;6px&#8221; header_2_line_height=&#8221;1.2em&#8221; text_orientation=&#8221;center&#8221;]<\/p>\n<h2>Thai Culture<\/h2>\n<p>Kulturdag i Thailand<\/p>\n<p>[\/et_pb_text][\/et_pb_column][\/et_pb_row][et_pb_row column_structure=&#8221;1_2,1_2&#8243; use_custom_gutter=&#8221;on&#8221; gutter_width=&#8221;2&#8243; make_equal=&#8221;on&#8221; _builder_version=&#8221;4.3.2&#8243; module_alignment=&#8221;center&#8221;][et_pb_column type=&#8221;1_2&#8243; _builder_version=&#8221;4.3.2&#8243;][et_pb_blurb title=&#8221;Chinese New Year&#8221; image=&#8221;https:\/\/visitrayong.com\/wp-content\/uploads\/2020\/03\/culture_chinese_new_year_600x400.jpg&#8221; _builder_version=&#8221;4.3.2&#8243; header_level=&#8221;h2&#8243; header_font=&#8221;Pontano Sans|700|||||||&#8221; body_font=&#8221;Roboto|300|||||||&#8221; background_color=&#8221;#f5f5f5&#8243; hover_enabled=&#8221;0&#8243;]Chinese New Year is celebrated in Thailand and dates change year by year as it falls (January, February)[\/et_pb_blurb][\/et_pb_column][et_pb_column type=&#8221;1_2&#8243; _builder_version=&#8221;4.3.2&#8243;][et_pb_blurb title=&#8221;Chakri day (April 6)&#8221; image=&#8221;https:\/\/visitrayong.com\/wp-content\/uploads\/2020\/03\/culture_grand_palace_600x400.jpg&#8221; _builder_version=&#8221;4.3.2&#8243; header_level=&#8221;h2&#8243; header_font=&#8221;Pontano Sans|700|||||||&#8221; body_font=&#8221;Roboto|300|||||||&#8221; background_color=&#8221;#f5f5f5&#8243; hover_enabled=&#8221;0&#8243;]Thai holiday celebrating the founding of Thai Royal Chakri Dynasty more than two hundred years ago[\/et_pb_blurb][\/et_pb_column][\/et_pb_row][et_pb_row column_structure=&#8221;1_3,1_3,1_3&#8243; use_custom_gutter=&#8221;on&#8221; gutter_width=&#8221;2&#8243; make_equal=&#8221;on&#8221; _builder_version=&#8221;4.3.2&#8243; module_alignment=&#8221;center&#8221;][et_pb_column type=&#8221;1_3&#8243; _builder_version=&#8221;4.3.2&#8243;][et_pb_blurb title=&#8221;Songkran day&#8221; image=&#8221;https:\/\/visitrayong.com\/wp-content\/uploads\/2020\/03\/culture_songkran_600x400.jpg&#8221; _builder_version=&#8221;4.3.2&#8243; header_level=&#8221;h2&#8243; header_font=&#8221;Pontano Sans|700|||||||&#8221; body_font=&#8221;Roboto|300|||||||&#8221; background_color=&#8221;#f5f5f5&#8243; hover_enabled=&#8221;0&#8243;]<\/p>\n<p>Songkran vattenfestivalen, som \u00e4r det Thail\u00e4ndska ny\u00e5ret startar i mitten av april. Datumen \u00e4ndras \u00e5r fr\u00e5n \u00e5r.  Under Songkran \u00e4r det mycket fest och vattensprutande, ofta \u00e4ven med is i vattnet.<\/p>\n<p>[\/et_pb_blurb][\/et_pb_column][et_pb_column type=&#8221;1_3&#8243; _builder_version=&#8221;4.3.2&#8243;][et_pb_blurb title=&#8221;Worker&#8217;s day (May 1)&#8221; image=&#8221;https:\/\/visitrayong.com\/wp-content\/uploads\/2020\/03\/culture_labour_600x400.jpg&#8221; _builder_version=&#8221;4.3.2&#8243; header_level=&#8221;h2&#8243; header_font=&#8221;Pontano Sans|700|||||||&#8221; body_font=&#8221;Roboto|300|||||||&#8221; background_color=&#8221;#f5f5f5&#8243; hover_enabled=&#8221;0&#8243;]<\/p>\n<p>\u00c4ven Thailand firar arbetarnas dag. De flesta statliga f\u00f6retag och banker h\u00e5ller st\u00e4ngt.<\/p>\n<p>[\/et_pb_blurb][\/et_pb_column][et_pb_column type=&#8221;1_3&#8243; _builder_version=&#8221;4.3.2&#8243;][et_pb_blurb title=&#8221;Visaka Bucha day&#8221; image=&#8221;https:\/\/visitrayong.com\/wp-content\/uploads\/2020\/03\/culture_budha_status_600x400.jpg&#8221; _builder_version=&#8221;4.3.2&#8243; header_level=&#8221;h2&#8243; header_font=&#8221;Pontano Sans|700|||||||&#8221; body_font=&#8221;Roboto|300|||||||&#8221; background_color=&#8221;#f5f5f5&#8243; hover_enabled=&#8221;0&#8243;]<\/p>\n<p>Visaka Bucha  firas n\u00e4r det \u00e4r fullm\u00e5ne i juni m\u00e5nad, f\u00f6r att fira hans f\u00f6delse, upplysning och d\u00f6d av Buddha.<\/p>\n<p>[\/et_pb_blurb][\/et_pb_column][\/et_pb_row][et_pb_row column_structure=&#8221;1_2,1_2&#8243; use_custom_gutter=&#8221;on&#8221; gutter_width=&#8221;2&#8243; make_equal=&#8221;on&#8221; _builder_version=&#8221;4.3.2&#8243; module_alignment=&#8221;center&#8221;][et_pb_column type=&#8221;1_2&#8243; _builder_version=&#8221;4.3.2&#8243;][et_pb_blurb title=&#8221;Asana Bucha and Wan Khao Pansa day&#8221; image=&#8221;https:\/\/visitrayong.com\/wp-content\/uploads\/2020\/03\/culture_visakha_600x400.jpg&#8221; _builder_version=&#8221;4.3.2&#8243; header_level=&#8221;h2&#8243; header_font=&#8221;Pontano Sans|700|||||||&#8221; body_font=&#8221;Roboto|300|||||||&#8221; background_color=&#8221;#f5f5f5&#8243; hover_enabled=&#8221;0&#8243;]<\/p>\n<p>Detta firar den f\u00f6rsta dagen n\u00e4r munkar skall \u00e5terv\u00e4nda till sina tempel. Den h\u00e5lls p\u00e5 fullm\u00e5nen i den \u00e5ttonde m\u00e5naden.<\/p>\n<p>[\/et_pb_blurb][\/et_pb_column][et_pb_column type=&#8221;1_2&#8243; _builder_version=&#8221;4.3.2&#8243;][et_pb_blurb title=&#8221;H.M. Queen&#8217;s birthday (August 12)&#8221; image=&#8221;https:\/\/visitrayong.com\/wp-content\/uploads\/2020\/03\/culture_queen_sirikit_600x400.jpg&#8221; _builder_version=&#8221;4.3.2&#8243; header_level=&#8221;h2&#8243; header_font=&#8221;Pontano Sans|700|||||||&#8221; body_font=&#8221;Roboto|300|||||||&#8221; background_color=&#8221;#f5f5f5&#8243; hover_enabled=&#8221;0&#8243;]<\/p>\n<p>Hennes Majest\u00e4t Drottning Sirikrits f\u00f6delsedag \u00e4r ocks\u00e5 Mors dag. Hennes f\u00f6delsedag firas ofta som en familjedag.<\/p>\n<p>[\/et_pb_blurb][\/et_pb_column][\/et_pb_row][et_pb_row column_structure=&#8221;1_3,1_3,1_3&#8243; use_custom_gutter=&#8221;on&#8221; gutter_width=&#8221;2&#8243; make_equal=&#8221;on&#8221; _builder_version=&#8221;4.3.2&#8243; module_alignment=&#8221;center&#8221;][et_pb_column type=&#8221;1_3&#8243; _builder_version=&#8221;4.3.2&#8243;][et_pb_blurb title=&#8221;Chulalongkorn day (October 23)&#8221; image=&#8221;https:\/\/visitrayong.com\/wp-content\/uploads\/2020\/03\/culture_king_rama_v_600x400.jpg&#8221; _builder_version=&#8221;4.3.2&#8243; header_level=&#8221;h2&#8243; header_font=&#8221;Pontano Sans|700|||||||&#8221; body_font=&#8221;Roboto|300|||||||&#8221; background_color=&#8221;#f5f5f5&#8243; hover_enabled=&#8221;0&#8243;]<\/p>\n<p>Den mycket anrika kung Chulalongkorn var en modernisering av monarkin som krediteras med att r\u00e4dda Thailand fr\u00e5n europeisk dominans. Han har \u00e4ven varit i Sverige och d\u00e4rf\u00f6r byggdes den Thail\u00e4ndska paviljongen utanf\u00f6r Sundsvall. En av Thailands fr\u00e4msta universitet \u00e4r uppkallat efter Chulalongkorn.<\/p>\n<p>[\/et_pb_blurb][\/et_pb_column][et_pb_column type=&#8221;1_3&#8243; _builder_version=&#8221;4.3.2&#8243;][et_pb_blurb title=&#8221;Loy Krathong&#8221; image=&#8221;https:\/\/visitrayong.com\/wp-content\/uploads\/2020\/03\/culture_loy_kratong_600x400.jpg&#8221; _builder_version=&#8221;4.3.2&#8243; header_level=&#8221;h2&#8243; header_font=&#8221;Pontano Sans|700|||||||&#8221; body_font=&#8221;Roboto|300|||||||&#8221; background_color=&#8221;#f5f5f5&#8243; hover_enabled=&#8221;0&#8243;]<\/p>\n<p>Loy Krathong \u00e4r ingen officiell helgdag i Thailand. I Rayong hitter ni flera platser d\u00e4r Thail\u00e4ndarna l\u00e4gger ner deras blom-dekorerade b\u00e5tar med r\u00f6kelse p\u00e5. P\u00e5 Mae Ramphung Beach\/Taphong s\u00e5 \u00e4r det varje \u00e5r en stor tillst\u00e4llning. Upptr\u00e4danden, sk\u00f6nhetst\u00e4vling och blomdekorations t\u00e4vling.<\/p>\n<p>[\/et_pb_blurb][\/et_pb_column][et_pb_column type=&#8221;1_3&#8243; _builder_version=&#8221;4.3.2&#8243;][et_pb_blurb title=&#8221;Rama IX&#8217;s birthday (December 5)&#8221; image=&#8221;https:\/\/visitrayong.com\/wp-content\/uploads\/2020\/03\/culture_king_rama_ix_600x400.jpg&#8221; _builder_version=&#8221;4.3.2&#8243; header_level=&#8221;h2&#8243; header_font=&#8221;Pontano Sans|700|||||||&#8221; body_font=&#8221;Roboto|300|||||||&#8221; background_color=&#8221;#f5f5f5&#8243; hover_enabled=&#8221;0&#8243;]<\/p>\n<p>Rama IX Bhumipol har sin f\u00f6delsedag den 5 december, som \u00e4ven \u00e4r en officiell helgdag och fars dag. H\u00e4r i Rayong s\u00e5 st\u00e4das gator och det snyggas upp till \u00e4ra f\u00f6r hans f\u00f6delsedag.<\/p>\n<p>[\/et_pb_blurb][\/et_pb_column][\/et_pb_row][et_pb_row column_structure=&#8221;1_2,1_2&#8243; use_custom_gutter=&#8221;on&#8221; gutter_width=&#8221;2&#8243; make_equal=&#8221;on&#8221; _builder_version=&#8221;4.3.2&#8243; module_alignment=&#8221;center&#8221;][et_pb_column type=&#8221;1_2&#8243; _builder_version=&#8221;4.3.2&#8243;][et_pb_blurb title=&#8221;Christmas Eve (December 24)&#8221; image=&#8221;https:\/\/visitrayong.com\/wp-content\/uploads\/2020\/03\/culture_christmas_600x400.jpg&#8221; _builder_version=&#8221;4.3.2&#8243; header_level=&#8221;h2&#8243; header_font=&#8221;Pontano Sans|700|||||||&#8221; body_font=&#8221;Roboto|300|||||||&#8221; background_color=&#8221;#f5f5f5&#8243; hover_enabled=&#8221;0&#8243;]<\/p>\n<p>Thail\u00e4ndarna firar inte jul officiellt. Men h\u00e4nger g\u00e4rna p\u00e5 att dekorera med glitter och julgranar i staden och k\u00f6pcentrum. H\u00e4r i Rayong \u00e4r det enkelt att hitta n\u00e5gon restaurang som erbjuder julbord p\u00e5 julafton.<\/p>\n<p>[\/et_pb_blurb][\/et_pb_column][et_pb_column type=&#8221;1_2&#8243; _builder_version=&#8221;4.3.2&#8243;][et_pb_blurb title=&#8221;New Year&#8217;s Eve (December 31)&#8221; image=&#8221;https:\/\/visitrayong.com\/wp-content\/uploads\/2020\/03\/culture_newyear_600x400.jpg&#8221; _builder_version=&#8221;4.3.2&#8243; header_level=&#8221;h2&#8243; header_font=&#8221;Pontano Sans|700|||||||&#8221; body_font=&#8221;Roboto|300|||||||&#8221; background_color=&#8221;#f5f5f5&#8243; hover_enabled=&#8221;0&#8243;]<\/p>\n<p>Ny\u00e5rsafton firas i Thailand . B\u00e5de den 31\/1 och den 1\/1 \u00e4r officiell helgdag.<\/p>\n<p>[\/et_pb_blurb][\/et_pb_column][\/et_pb_row][\/et_pb_section]<\/p>","protected":false},"excerpt":{"rendered":"<p>Thai Culture Culture day in ThailandChinese New Year is celebrated in Thailand and dates change year by year as it falls (January, February)Thai holiday celebrating the founding of Thai Royal Chakri Dynasty more than two hundred years agoThe Songkran Water Festival, which is the Thai New Year starts in mid-April. The dates change year by [&hellip;]<\/p>","protected":false},"author":1,"featured_media":0,"parent":0,"menu_order":0,"comment_status":"closed","ping_status":"closed","template":"","meta":{"_et_pb_use_builder":"on","_et_pb_old_content":"","_et_gb_content_width":"","footnotes":""},"class_list":["post-8726","page","type-page","status-publish","hentry"],"_links":{"self":[{"href":"https:\/\/visitrayong.com\/sv\/wp-json\/wp\/v2\/pages\/8726"}],"collection":[{"href":"https:\/\/visitrayong.com\/sv\/wp-json\/wp\/v2\/pages"}],"about":[{"href":"https:\/\/visitrayong.com\/sv\/wp-json\/wp\/v2\/types\/page"}],"author":[{"embeddable":true,"href":"https:\/\/visitrayong.com\/sv\/wp-json\/wp\/v2\/users\/1"}],"replies":[{"embeddable":true,"href":"https:\/\/visitrayong.com\/sv\/wp-json\/wp\/v2\/comments?post=8726"}],"version-history":[{"count":13,"href":"https:\/\/visitrayong.com\/sv\/wp-json\/wp\/v2\/pages\/8726\/revisions"}],"predecessor-version":[{"id":8813,"href":"https:\/\/visitrayong.com\/sv\/wp-json\/wp\/v2\/pages\/8726\/revisions\/8813"}],"wp:attachment":[{"href":"https:\/\/visitrayong.com\/sv\/wp-json\/wp\/v2\/media?parent=8726"}],"curies":[{"name":"wp","href":"https:\/\/api.w.org\/{rel}","templated":true}]}}