{"id":459,"date":"2019-09-09T05:39:05","date_gmt":"2019-09-09T05:39:05","guid":{"rendered":"https:\/\/demo.visitrayong.com\/?page_id=459"},"modified":"2020-02-28T04:31:19","modified_gmt":"2020-02-28T04:31:19","slug":"information","status":"publish","type":"page","link":"https:\/\/visitrayong.com\/sv\/information\/","title":{"rendered":"Information"},"content":{"rendered":"<p>[et_pb_section fb_built=&#8221;1&#8243; fullwidth=&#8221;on&#8221; _builder_version=&#8221;3.27.4&#8243;][et_pb_fullwidth_header title=&#8221;Welcome to Rayong&#8221; text_orientation=&#8221;center&#8221; header_fullscreen=&#8221;on&#8221; header_scroll_down=&#8221;on&#8221; scroll_down_icon=&#8221;%%3%%&#8221; scroll_down_icon_color=&#8221;#2ea3f2&#8243; _builder_version=&#8221;3.29.2&#8243; title_font_size=&#8221;60px&#8221; background_image=&#8221;https:\/\/visitrayong.com\/wp-content\/uploads\/2019\/09\/wad-pa-pra-doo.jpg&#8221; custom_padding=&#8221;||0px||false|false&#8221; title_text_shadow_style=&#8221;preset5&#8243;][\/et_pb_fullwidth_header][\/et_pb_section][et_pb_section fb_built=&#8221;1&#8243; _builder_version=&#8221;4.3.2&#8243; use_background_color_gradient=&#8221;on&#8221; background_color_gradient_start=&#8221;rgba(255,255,255,0.25)&#8221; background_color_gradient_end=&#8221;#f2f1f1&#8243; background_color_gradient_end_position=&#8221;80%&#8221; background_color_gradient_overlays_image=&#8221;on&#8221; background_image=&#8221;https:\/\/visitrayong.com\/wp-content\/uploads\/2019\/09\/Sunthorn-Phu.jpg&#8221;][et_pb_row column_structure=&#8221;1_2,1_2&#8243; _builder_version=&#8221;3.27.4&#8243;][et_pb_column type=&#8221;1_2&#8243; _builder_version=&#8221;3.27.4&#8243;][et_pb_text _builder_version=&#8221;3.27.4&#8243;]A few hours by bus south from Bangkok (about two hours by taxi) you can find Rayong coast. This is the Thai&#8217;s own vacation paradise. There are long, beautiful beaches and a nice relaxing atmosphere.[\/et_pb_text][et_pb_text _builder_version=&#8221;3.27.4&#8243;]In Rayong and Ban Phe you find the genuine Thailand, it is ideal for those who want to experience the local Thai daily life, at the same time have a relaxing holiday. Thanks to many Thais are spending their vacation here, prices are lower than many other areas in Thailand.[\/et_pb_text][et_pb_text _builder_version=&#8221;3.27.4&#8243;]Most tourists who go to Rayong, Ban Phe is just here to take the ferry from Ban Phe to the tourist island of Koh Samet, the rest of us often end up west or east of the village of Ban Phe, or Mae Phim. Here, tourism is not as well developed as in the larger and more (in)famous tourist resorts. Here it&#8217;s the opposite, you have a great chance to encounter the &#8220;real&#8221; Thailand.[\/et_pb_text][et_pb_text _builder_version=&#8221;3.27.4&#8243;]<\/p>\n<p>Den h\u00e4r delen av Thailand \u00e4r mest k\u00e4nd f\u00f6r sina l\u00e5nga, vackra och, p\u00e5 vardagar, n\u00e4stan \u00f6de sandstr\u00e4nder. Det \u00e4r absolut ingen risk att man beh\u00f6ver tr\u00e4ngas med en massa andra turister eftersom stranden \u00e4r s\u00e5 l\u00e5ng.<\/p>\n<p>[\/et_pb_text][et_pb_text _builder_version=&#8221;3.27.4&#8243;]It is not particularly a lot of tourists here, and during the low season the beach can almost feel a little desolate. Beach vendors are not the same as in tourist resorts either, those that are, are addressed to the Thais and selling fruit, lottery tickets and other items at low prices. There is not partying in the same way as tourist resorts with loud bars etc. although it is not difficult to find a caraoke party.[\/et_pb_text][\/et_pb_column][et_pb_column type=&#8221;1_2&#8243; _builder_version=&#8221;3.27.4&#8243;][et_pb_text _builder_version=&#8221;3.27.4&#8243;]Rayong, Ban Phe, is in other words, perfect for those who want complete relaxation on your holiday. There is much to explore, if you choose to go to the tourist island of Koh Samet over a weekend or a day, and experience the normal tourist Thailand with all that comes with that&#8230; Those who come here to the mainland is still more aimed at experience things that Thai people hold in high regard, and that is to be by the sea with their loved ones, while eating plenty, and often ending the evening at an evening fireplace amongst good friends.[\/et_pb_text][et_pb_text _builder_version=&#8221;3.27.4&#8243;]VisitRayong.com is your one-stop shop for renting house, apartment in Rayong area, we offer private condos and houses in Mae raemphung, Suan Son &#038; Mae Phim. We have staff to help you on your vacation.[\/et_pb_text][et_pb_counters use_percentages=&#8221;off&#8221; _builder_version=&#8221;3.27.4&#8243; title_font=&#8221;|600|||||||&#8221; title_font_size=&#8221;17px&#8221; title_line_height=&#8221;3em&#8221;][et_pb_counter percent=&#8221;90&#8243; bar_background_color=&#8221;#7894cf&#8221; _builder_version=&#8221;3.27.4&#8243; background_color_default=&#8221;#dddddd&#8221; background_enable_color_default=&#8221;on&#8221; parallax_default=&#8221;off&#8221; parallax_method_default=&#8221;on&#8221; bar_background_color_default=&#8221;#7EBEC5&#8243; use_percentages=&#8221;off&#8221; allow_player_pause_default=&#8221;off&#8221;]Sight Seeing[\/et_pb_counter][et_pb_counter percent=&#8221;80&#8243; bar_background_color=&#8221;#c2cee5&#8243; _builder_version=&#8221;3.27.4&#8243; background_color_default=&#8221;#dddddd&#8221; background_enable_color_default=&#8221;on&#8221; parallax_default=&#8221;off&#8221; parallax_method_default=&#8221;on&#8221; bar_background_color_default=&#8221;#7EBEC5&#8243; use_percentages=&#8221;off&#8221; allow_player_pause_default=&#8221;off&#8221;]Food[\/et_pb_counter][et_pb_counter percent=&#8221;70&#8243; bar_background_color=&#8221;#b8d1ff&#8221; _builder_version=&#8221;3.27.4&#8243; background_color_default=&#8221;#dddddd&#8221; background_enable_color_default=&#8221;on&#8221; parallax_default=&#8221;off&#8221; parallax_method_default=&#8221;on&#8221; bar_background_color_default=&#8221;#7EBEC5&#8243; use_percentages=&#8221;off&#8221; allow_player_pause_default=&#8221;off&#8221;]Activities[\/et_pb_counter][et_pb_counter percent=&#8221;50&#8243; bar_background_color=&#8221;#51a2da&#8221; _builder_version=&#8221;3.27.4&#8243; background_color_default=&#8221;#dddddd&#8221; background_enable_color_default=&#8221;on&#8221; parallax_default=&#8221;off&#8221; parallax_method_default=&#8221;on&#8221; bar_background_color_default=&#8221;#7EBEC5&#8243; use_percentages=&#8221;off&#8221; allow_player_pause_default=&#8221;off&#8221;]Transportation[\/et_pb_counter][\/et_pb_counters][\/et_pb_column][\/et_pb_row][\/et_pb_section][et_pb_section fb_built=&#8221;1&#8243; fullwidth=&#8221;on&#8221; module_id=&#8221;map_markers&#8221; _builder_version=&#8221;4.3.2&#8243;][et_pb_fullwidth_code _builder_version=&#8221;3.27.4&#8243;]<style type=\"text\/css\" id=\"gmpMapStyles_4_13398\">\r\n\t#google_map_easy_4_13398 {\r\n        width: 100%;\r\n        height: 800px;\r\n\t\t\t\t\t\t    }\r\n\t#gmapControlsNum_4_13398 {\r\n\t\twidth:100%\t}\r\n\t.gmpMapDetailsContainer#gmpMapDetailsContainer_4_13398 {\r\n\t\theight:800px;\r\n\t}\r\n\t.gmp_MapPreview#google_map_easy_4_13398 {\r\n\t\t\/*position:absolute;*\/\r\n\t\twidth: 100%;\r\n\t}\r\n\t#mapConElem_4_13398{\r\n\t\twidth: 100%\t}\r\n    .gm-style .gm-style-iw-c{\r\n        padding: 12px!important;\r\n    }\r\n\t    <\/style>\r\n <div class=\"gmp_map_opts\" id=\"mapConElem_4_13398\" data-id=\"4\" data-view-id=\"4_13398\" > <div class=\"gmpMapDetailsContainer\" id=\"gmpMapDetailsContainer_4_13398\"> <i class=\"gmpKMLLayersPreloader fa fa-spinner fa-spin\" aria-hidden=\"true\" style=\"display: none;\"><\/i> <div class=\"gmp_MapPreview\" id=\"google_map_easy_4_13398\"><\/div> <\/div> <div class=\"gmpMapMarkerFilters\" id=\"gmpMapMarkerFilters_4_13398\"> <\/div> <div class=\"gmpMapProControlsCon\" id=\"gmpMapProControlsCon_4_13398\"> <a title=\"WP Google Maps\" style=\"display:none;\" href=\"https:\/\/supsystic.com\/plugins\/google-maps-plugin\/?utm_medium=love_link_hide\" target=\"_blank\">WP Google Maps<\/a><div style=\"clear: both;\"><\/div> <\/div> <div class=\"gmpMapProDirectionsCon\" id=\"gmpMapProDirectionsCon_4_13398\" > <\/div> <div class=\"gmpMapProKmlFilterCon\" id=\"gmpMapProKmlFilterCon_4_13398\" > <\/div> <div class=\"gmpSocialSharingShell gmpSocialSharingShell_4_13398\"> <\/div> <div style=\"clear: both;\"><\/div> <\/div> [\/et_pb_fullwidth_code][\/et_pb_section][et_pb_section fb_built=&#8221;1&#8243; _builder_version=&#8221;4.3.2&#8243; custom_margin=&#8221;0px||0px||true|false&#8221; custom_padding=&#8221;0px||0px||true|false&#8221; hover_enabled=&#8221;0&#8243;][et_pb_row _builder_version=&#8221;4.3.2&#8243;][et_pb_column _builder_version=&#8221;4.3.2&#8243; type=&#8221;4_4&#8243;][et_pb_text _builder_version=&#8221;4.3.2&#8243; hover_enabled=&#8221;0&#8243; text_orientation=&#8221;center&#8221; link_text_color=&#8221;#2ea3f2&#8243; link_font=&#8221;|700|||||||&#8221;]<\/p>\n<h6>\n  Printable version (Thanks John \u00c5kesson!) <a href=\"http:\/\/www.thailand-rayong.com\/wp-content\/uploads\/2015\/11\/Karta-Rayong_utskrift2.pdf\">Here<\/a><br \/>\n<\/h6>\n<p>[\/et_pb_text][\/et_pb_column][\/et_pb_row][\/et_pb_section][et_pb_section fb_built=&#8221;1&#8243; _builder_version=&#8221;3.28&#8243;][et_pb_row _builder_version=&#8221;3.28&#8243;][et_pb_column type=&#8221;4_4&#8243; _builder_version=&#8221;3.28&#8243;][et_pb_text _builder_version=&#8221;3.29.2&#8243; hover_enabled=&#8221;0&#8243;]<\/p>\n<h1>Transportation<\/h1>\n<hr \/>\n<h4>Vad \u00e4r en Songtaow?<\/h4>\n<p>Songtaew \u00e4r thail\u00e4ndsk minibuss med tv\u00e5 b\u00e4nks\u00e4ten bak, som \u00e4r sitter fast l\u00e4ngst vardera sidan av bilens baksida. De finns i m\u00e5nga olika f\u00e4rger, vanligtvis r\u00f6d, bl\u00e5, gul, gr\u00f6n, vit och orange. Songtaow anv\u00e4nds b\u00e5de inom st\u00e4der, och f\u00f6r l\u00e4ngre str\u00e4ckor mellan st\u00e4der och byar. Det \u00e4r det billigaste buss-bilarna i Thailand.<\/p>\n<h4>Hur \u00e5ker man Songthaow?<\/h4>\n<p>Songtaew \u00e4r thail\u00e4ndsk minibuss med tv\u00e5 b\u00e4nks\u00e4ten bak, som \u00e4r sitter fast l\u00e4ngst vardera sidan av bilens baksida. De finns i m\u00e5nga olika f\u00e4rger, vanligtvis r\u00f6d, bl\u00e5, gul, gr\u00f6n, vit och orange. Songtaow anv\u00e4nds b\u00e5de inom st\u00e4der, och f\u00f6r l\u00e4ngre str\u00e4ckor mellan st\u00e4der och byar. Det \u00e4r det billigaste buss-bilarna i Thailand.<\/p>\n<h4>Songthaew-rutter i Rayong<\/h4>\n<p>Det \u00e4r m\u00e5nga Songthaew i Rayong, detta \u00e4r en del av Songthaew som parkering vid Rayong busstation 1, n\u00e4r de anl\u00e4nde till destinationen Songthaew kommer att g\u00e5 tillbaka till busstation 1 p\u00e5 samma s\u00e4tt. Biljettpriset \u00e4r baserat p\u00e5 avst\u00e5ndet.<\/p>\n<h4>Vad betyder f\u00f6rkortningarna?<\/h4>\n<p>BST = Rayong har 2 busstationer som vi h\u00e4r kallar BST # 1 och BST # 2<br \/>H = Sjukhus<br \/>RH = Rayongs sjukhus<br \/>TH = Tapongs sjukhus<br \/>RPH = Ruampat Rayongs Sjukhus<br \/>C = Condominium\/L\u00e4genhet<br \/>RS = Resort<\/p>\n<p>[\/et_pb_text][\/et_pb_column][\/et_pb_row][et_pb_row _builder_version=&#8221;3.28&#8243;][et_pb_column type=&#8221;4_4&#8243; _builder_version=&#8221;3.28&#8243;][et_pb_code _builder_version=&#8221;3.28&#8243;]<\/p>\n<table class=\"route-table\"><!-- [et_pb_line_break_holder] --><\/p>\n<thead><!-- [et_pb_line_break_holder] --><\/p>\n<tr><!-- [et_pb_line_break_holder] --><\/p>\n<th>F\u00e4rg<\/th>\n<p><!-- [et_pb_line_break_holder] --><\/p>\n<th>Rutter<\/th>\n<p><!-- [et_pb_line_break_holder] --><\/p>\n<th>Kostnad<\/th>\n<p><!-- [et_pb_line_break_holder] --><\/p>\n<th>Tid<\/th>\n<p><!-- [et_pb_line_break_holder] --><\/tr>\n<p><!-- [et_pb_line_break_holder] --><\/thead>\n<p><!-- [et_pb_line_break_holder] --><\/p>\n<tbody><!-- [et_pb_line_break_holder] --><\/p>\n<tr><!-- [et_pb_line_break_holder] --><\/p>\n<td>R\u00f6d<\/td>\n<p><!-- [et_pb_line_break_holder] --><\/p>\n<td>BST#1 \/ laemtong department store<\/td>\n<p><!-- [et_pb_line_break_holder] --><\/p>\n<td>10 baht<\/td>\n<p><!-- [et_pb_line_break_holder] --><\/p>\n<td>5 a.m &#8211; 7 p.m<\/td>\n<p><!-- [et_pb_line_break_holder] --><\/tr>\n<p><!-- [et_pb_line_break_holder] --><\/p>\n<tr><!-- [et_pb_line_break_holder] --><\/p>\n<td>R\u00f6d<\/td>\n<p><!-- [et_pb_line_break_holder] --><\/p>\n<td>BST#1 \/ BST#2<\/td>\n<p><!-- [et_pb_line_break_holder] --><\/p>\n<td>15 baht<\/td>\n<p><!-- [et_pb_line_break_holder] --><\/p>\n<td>5.30 a.m &#8211; 7 p.m<\/td>\n<p><!-- [et_pb_line_break_holder] --><\/tr>\n<p><!-- [et_pb_line_break_holder] --><\/p>\n<tr><!-- [et_pb_line_break_holder] --><\/p>\n<td>R\u00f6d<\/td>\n<p><!-- [et_pb_line_break_holder] --><\/p>\n<td>BST#1 \/ Lotus \/ laemtong \/ HomePro \/ Banchang<\/td>\n<p><!-- [et_pb_line_break_holder] --><\/p>\n<td>10 &#8211; 20 baht<\/td>\n<p><!-- [et_pb_line_break_holder] --><\/p>\n<td>5 a.m &#8211; 6 p.m<\/td>\n<p><!-- [et_pb_line_break_holder] --><\/tr>\n<p><!-- [et_pb_line_break_holder] --><\/p>\n<tr><!-- [et_pb_line_break_holder] --><\/p>\n<td>R\u00f6d<\/td>\n<p><!-- [et_pb_line_break_holder] --><\/p>\n<td>BST#1 \/ Lotus \/ laemtong \/ HomePro \/ Maptaput<\/td>\n<p><!-- [et_pb_line_break_holder] --><\/p>\n<td>10 &#8211; 15 baht<\/td>\n<p><!-- [et_pb_line_break_holder] --><\/p>\n<td>6 a.m &#8211; 6.20 p.m<\/td>\n<p><!-- [et_pb_line_break_holder] --><\/tr>\n<p><!-- [et_pb_line_break_holder] --><\/p>\n<tr><!-- [et_pb_line_break_holder] --><\/p>\n<td>Himmelsbl\u00e5<\/td>\n<p><!-- [et_pb_line_break_holder] --><\/p>\n<td>BST#1 \/ Nong phaknam \/ ban nong kham<\/td>\n<p><!-- [et_pb_line_break_holder] --><\/p>\n<td>15 &#8211; 30 baht<\/td>\n<p><!-- [et_pb_line_break_holder] --><\/p>\n<td>6 a.m &#8211; 6 p.m<\/td>\n<p><!-- [et_pb_line_break_holder] --><\/tr>\n<p><!-- [et_pb_line_break_holder] --><\/p>\n<tr><!-- [et_pb_line_break_holder] --><\/p>\n<td>Himmelsbl\u00e5<\/td>\n<p><!-- [et_pb_line_break_holder] --><\/p>\n<td>BST#1 \/ RH \/ Mae rampung beach \/ C:seasandsun \/ C:vip \/ C:royel \/ Rs:vip \/ Khao laem ya \/ Nai rai<\/td>\n<p><!-- [et_pb_line_break_holder] --><\/p>\n<td>10 &#8211; 25 baht<\/td>\n<p><!-- [et_pb_line_break_holder] --><\/p>\n<td>6 a.m &#8211; 6 p.m<\/td>\n<p><!-- [et_pb_line_break_holder] --><\/tr>\n<p><!-- [et_pb_line_break_holder] --><\/p>\n<tr><!-- [et_pb_line_break_holder] --><\/p>\n<td>Vit<\/td>\n<p><!-- [et_pb_line_break_holder] --><\/p>\n<td>BST#1 \/ RH \/ Mae rampung beach \/ C:seasandsun \/ White stone<\/td>\n<p><!-- [et_pb_line_break_holder] --><\/p>\n<td>10 &#8211; 20 baht<\/td>\n<p><!-- [et_pb_line_break_holder] --><\/p>\n<td>5 a.m &#8211; 6 p.m<\/td>\n<p><!-- [et_pb_line_break_holder] --><\/tr>\n<p><!-- [et_pb_line_break_holder] --><\/p>\n<tr><!-- [et_pb_line_break_holder] --><\/p>\n<td>Vit<\/td>\n<p><!-- [et_pb_line_break_holder] --><\/p>\n<td>BST#1 \/ RH \/ Wat Chang Chon<\/td>\n<p><!-- [et_pb_line_break_holder] --><\/p>\n<td>10 &#8211; 20 baht<\/td>\n<p><!-- [et_pb_line_break_holder] --><\/p>\n<td>6 a.m &#8211; 6 p.m<\/td>\n<p><!-- [et_pb_line_break_holder] --><\/tr>\n<p><!-- [et_pb_line_break_holder] --><\/p>\n<tr><!-- [et_pb_line_break_holder] --><\/p>\n<td>M\u00f6rkbl\u00e5<\/td>\n<p><!-- [et_pb_line_break_holder] --><\/p>\n<td>BST#1 \/ Park nam \/ wat pradoo \/ Laem Charoen<\/td>\n<p><!-- [et_pb_line_break_holder] --><\/p>\n<td>15 baht<\/td>\n<p><!-- [et_pb_line_break_holder] --><\/p>\n<td>24 hours<\/td>\n<p><!-- [et_pb_line_break_holder] --><\/tr>\n<p><!-- [et_pb_line_break_holder] --><\/p>\n<tr><!-- [et_pb_line_break_holder] --><\/p>\n<td>M\u00f6rkbl\u00e5<\/td>\n<p><!-- [et_pb_line_break_holder] --><\/p>\n<td>BST#1 \/ RH \/ TH \/Tapong market \/ \/Ban Phe<\/td>\n<p><!-- [et_pb_line_break_holder] --><\/p>\n<td>10 &#8211; 25 baht<\/td>\n<p><!-- [et_pb_line_break_holder] --><\/p>\n<td>6 a.m &#8211; 6 p.m<\/td>\n<p><!-- [et_pb_line_break_holder] --><\/tr>\n<p><!-- [et_pb_line_break_holder] --><\/p>\n<tr><!-- [et_pb_line_break_holder] --><\/p>\n<td>M\u00f6rkbl\u00e5<\/td>\n<p><!-- [et_pb_line_break_holder] --><\/p>\n<td>BST#1 \/ RH \/ TH \/Tapong market \/ Ban Phe &#8211; Lammaephim<\/td>\n<p><!-- [et_pb_line_break_holder] --><\/p>\n<td>10 &#8211; 40 baht<\/td>\n<p><!-- [et_pb_line_break_holder] --><\/p>\n<td>6 a.m &#8211; 6 p.m<\/td>\n<p><!-- [et_pb_line_break_holder] --><\/tr>\n<p><!-- [et_pb_line_break_holder] --><\/p>\n<tr><!-- [et_pb_line_break_holder] --><\/p>\n<td>Gul<\/td>\n<p><!-- [et_pb_line_break_holder] --><\/p>\n<td>BST#1 \/ klang \/ Samyan<\/td>\n<p><!-- [et_pb_line_break_holder] --><\/p>\n<td>10 &#8211; 35 baht<\/td>\n<p><!-- [et_pb_line_break_holder] --><\/p>\n<td>6 a.m &#8211; 7.30 a.m<\/td>\n<p><!-- [et_pb_line_break_holder] --><\/tr>\n<p><!-- [et_pb_line_break_holder] --><\/p>\n<tr><!-- [et_pb_line_break_holder] --><\/p>\n<td>Vit<\/td>\n<p><!-- [et_pb_line_break_holder] --><\/p>\n<td>BST#1 \/ Nikom \/ central plaza \/ Big C, Makro<\/td>\n<p><!-- [et_pb_line_break_holder] --><\/p>\n<td>10 &#8211; 32 baht<\/td>\n<p><!-- [et_pb_line_break_holder] --><\/p>\n<td>6.30 a.m &#8211; 8 p.m<\/td>\n<p><!-- [et_pb_line_break_holder] --><\/tr>\n<p><!-- [et_pb_line_break_holder] --><\/p>\n<tr><!-- [et_pb_line_break_holder] --><\/p>\n<td>Vit<\/td>\n<p><!-- [et_pb_line_break_holder] --><\/p>\n<td>BST#1 \/ RH \/ TH \/Tapong market \/ suan son beach \/ wangkaew \/ santiwan<\/td>\n<p><!-- [et_pb_line_break_holder] --><\/p>\n<td>10 &#8211; 35 baht<\/td>\n<p><!-- [et_pb_line_break_holder] --><\/p>\n<td>6 a.m &#8211; 6 p.m<\/td>\n<p><!-- [et_pb_line_break_holder] --><\/tr>\n<p><!-- [et_pb_line_break_holder] --><\/p>\n<tr><!-- [et_pb_line_break_holder] --><\/p>\n<td>Vit<\/td>\n<p><!-- [et_pb_line_break_holder] --><\/p>\n<td>BST#1 \/ RPH \/ Koloi \/ Bantasid<\/td>\n<p><!-- [et_pb_line_break_holder] --><\/p>\n<td>10 &#8211; 40 baht<\/td>\n<p><!-- [et_pb_line_break_holder] --><\/p>\n<td>5 a.m &#8211; 7 p.m<\/td>\n<p><!-- [et_pb_line_break_holder] --><\/tr>\n<p><!-- [et_pb_line_break_holder] --><\/tbody>\n<p><!-- [et_pb_line_break_holder] --><\/table>\n<p>[\/et_pb_code][et_pb_button button_url=&#8221;@ET-DC@eyJkeW5hbWljIjp0cnVlLCJjb250ZW50IjoicG9zdF9saW5rX3VybF9wYWdlIiwic2V0dGluZ3MiOnsicG9zdF9pZCI6IjU0MDgifX0=@&#8221; button_text=&#8221;Taxi Booking&#8221; button_alignment=&#8221;center&#8221; _builder_version=&#8221;3.29.2&#8243; _dynamic_attributes=&#8221;button_url&#8221;][\/et_pb_button][\/et_pb_column][\/et_pb_row][\/et_pb_section]<\/p>","protected":false},"excerpt":{"rendered":"<p>A few hours by bus south from Bangkok (about two hours by taxi) you can find Rayong coast. This is the Thai&#8217;s own vacation paradise. There are long, beautiful beaches and a nice relaxing atmosphere.In Rayong and Ban Phe you find the genuine Thailand, it is ideal for those who want to experience the local [&hellip;]<\/p>","protected":false},"author":1,"featured_media":0,"parent":0,"menu_order":0,"comment_status":"closed","ping_status":"closed","template":"","meta":{"_et_pb_use_builder":"on","_et_pb_old_content":"","_et_gb_content_width":"","footnotes":""},"class_list":["post-459","page","type-page","status-publish","hentry"],"_links":{"self":[{"href":"https:\/\/visitrayong.com\/sv\/wp-json\/wp\/v2\/pages\/459"}],"collection":[{"href":"https:\/\/visitrayong.com\/sv\/wp-json\/wp\/v2\/pages"}],"about":[{"href":"https:\/\/visitrayong.com\/sv\/wp-json\/wp\/v2\/types\/page"}],"author":[{"embeddable":true,"href":"https:\/\/visitrayong.com\/sv\/wp-json\/wp\/v2\/users\/1"}],"replies":[{"embeddable":true,"href":"https:\/\/visitrayong.com\/sv\/wp-json\/wp\/v2\/comments?post=459"}],"version-history":[{"count":15,"href":"https:\/\/visitrayong.com\/sv\/wp-json\/wp\/v2\/pages\/459\/revisions"}],"predecessor-version":[{"id":8550,"href":"https:\/\/visitrayong.com\/sv\/wp-json\/wp\/v2\/pages\/459\/revisions\/8550"}],"wp:attachment":[{"href":"https:\/\/visitrayong.com\/sv\/wp-json\/wp\/v2\/media?parent=459"}],"curies":[{"name":"wp","href":"https:\/\/api.w.org\/{rel}","templated":true}]}}