{"id":221,"date":"2019-09-05T08:56:13","date_gmt":"2019-09-05T08:56:13","guid":{"rendered":"https:\/\/demo.visitrayong.com\/?page_id=221"},"modified":"2020-03-16T03:58:55","modified_gmt":"2020-03-16T03:58:55","slug":"about","status":"publish","type":"page","link":"https:\/\/visitrayong.com\/sv\/about\/","title":{"rendered":"Om oss"},"content":{"rendered":"<p>[et_pb_section fb_built=&#8221;1&#8243; _builder_version=&#8221;3.29.2&#8243; background_image=&#8221;https:\/\/visitrayong.com\/wp-content\/uploads\/2019\/09\/DSC_4559.jpg&#8221; background_position=&#8221;top_center&#8221; height=&#8221;500px&#8221; filter_hue_rotate=&#8221;9deg&#8221; filter_saturate=&#8221;101%&#8221; filter_brightness=&#8221;126%&#8221; filter_contrast=&#8221;109%&#8221;][et_pb_row column_structure=&#8221;1_2,1_2&#8243; _builder_version=&#8221;3.27.4&#8243;][et_pb_column type=&#8221;1_2&#8243; _builder_version=&#8221;3.27.4&#8243; background_color=&#8221;rgba(0,0,0,0)&#8221; custom_padding=&#8221;40px|40px|40px|40px|true|true&#8221;][\/et_pb_column][et_pb_column type=&#8221;1_2&#8243; _builder_version=&#8221;3.27.4&#8243; background_color=&#8221;rgba(0,0,0,0.27)&#8221; custom_padding=&#8221;40px|40px|40px|40px|true|true&#8221;][et_pb_text _builder_version=&#8221;3.27.4&#8243; header_font=&#8221;Oswald|500|||||||&#8221; header_text_color=&#8221;#ffffff&#8221; header_font_size=&#8221;60px&#8221; custom_margin=&#8221;||0px||false|false&#8221; custom_padding=&#8221;||0px||false|false&#8221;]<\/p>\n<h1>OM OSS<\/h1>\n<p>[\/et_pb_text][et_pb_text _builder_version=&#8221;3.27.4&#8243; text_font=&#8221;Roboto|700|||||||&#8221; text_text_color=&#8221;#d6d6d6&#8243; text_font_size=&#8221;20px&#8221; text_line_height=&#8221;1.8em&#8221; custom_padding=&#8221;|5px||5px|false|false&#8221;]<\/p>\n<p><span>V\u00e4lkommen till Rayong, en p\u00e4rla i Thailand med en \u00f6ver 100 km l\u00e5ng kuststr\u00e4cka. H\u00e4r hittar du \u00e4kta Thailand med l\u00e4gre priser \u00e4n i m\u00e5nga andra delar av landet. Rayong \u00e4r ocks\u00e5 Thailands eget turistparadis.<\/span><\/p>\n<p>[\/et_pb_text][\/et_pb_column][\/et_pb_row][\/et_pb_section][et_pb_section fb_built=&#8221;1&#8243; _builder_version=&#8221;3.22&#8243; custom_padding=&#8221;110px||110px|&#8221;][et_pb_row column_structure=&#8221;1_2,1_2&#8243; _builder_version=&#8221;3.25&#8243;][et_pb_column type=&#8221;1_2&#8243; _builder_version=&#8221;3.25&#8243; custom_padding=&#8221;|||&#8221; custom_padding__hover=&#8221;|||&#8221;][et_pb_text admin_label=&#8221;Title&#8221; _builder_version=&#8221;3.27.4&#8243; text_font=&#8221;||||&#8221; text_text_color=&#8221;#1a1a1a&#8221; header_font=&#8221;Oswald|on||on|&#8221; header_text_align=&#8221;left&#8221; header_font_size=&#8221;60px&#8221; header_line_height=&#8221;1.3em&#8221; max_width=&#8221;567px&#8221; custom_margin=&#8221;|||&#8221; custom_padding=&#8221;|||&#8221; animation_style=&#8221;slide&#8221; animation_direction=&#8221;top&#8221; animation_intensity_slide=&#8221;10%&#8221; locked=&#8221;off&#8221;]<\/p>\n<h1>Rayong Specialist<\/h1>\n<p>[\/et_pb_text][et_pb_divider color=&#8221;#3874ff&#8221; divider_position=&#8221;center&#8221; divider_weight=&#8221;3px&#8221; disabled_on=&#8221;on|on|off%22&#8243; _builder_version=&#8221;3.27.4&#8243; max_width=&#8221;150px&#8221; height=&#8221;false&#8221; custom_margin=&#8221;30px|||&#8221; animation_style=&#8221;slide&#8221; animation_direction=&#8221;top&#8221; animation_delay=&#8221;100ms&#8221; animation_intensity_slide=&#8221;10%&#8221; locked=&#8221;off&#8221;][\/et_pb_divider][et_pb_text _builder_version=&#8221;3.27.4&#8243; text_font=&#8221;Roboto||||&#8221; text_font_size=&#8221;16px&#8221; text_line_height=&#8221;1.9em&#8221; background_size=&#8221;initial&#8221; background_position=&#8221;top_left&#8221; background_repeat=&#8221;repeat&#8221; custom_margin=&#8221;60|||&#8221; custom_padding=&#8221;||||false|false&#8221; animation_style=&#8221;slide&#8221; animation_direction=&#8221;top&#8221; animation_delay=&#8221;400ms&#8221; animation_intensity_slide=&#8221;4%&#8221; locked=&#8221;off&#8221;]<\/p>\n<p>visitrayong.com \u00e4r en portal d\u00e4r du hittar information om Rayong-provinsen. Rayong \u00e4r k\u00e4nd f\u00f6r sina vackra str\u00e4nder, h\u00e4rliga restauranger, \u00e4kta utflykter och boende i olika storlekar, l\u00e4mpliga f\u00f6r familjer, par och enskilda g\u00e4ster. Att hitta din egen p\u00e4rla i Rayong \u00e4r inte sv\u00e5rt och inte heller hitta sin privata del av stranden. M\u00e5nga av v\u00e5ra g\u00e4ster v\u00e4ljer att \u00e5terv\u00e4nda \u00e5r efter \u00e5r och rekommenderar oss och Rayong f\u00f6r sina v\u00e4nner.<\/p>\n<p>[\/et_pb_text][et_pb_text _builder_version=&#8221;3.27.4&#8243; text_font=&#8221;Roboto||||&#8221; text_font_size=&#8221;16px&#8221; text_line_height=&#8221;1.9em&#8221; background_size=&#8221;initial&#8221; background_position=&#8221;top_left&#8221; background_repeat=&#8221;repeat&#8221; custom_margin=&#8221;0px||||false|false&#8221; custom_padding=&#8221;||60px|&#8221; animation_style=&#8221;slide&#8221; animation_direction=&#8221;top&#8221; animation_delay=&#8221;400ms&#8221; animation_intensity_slide=&#8221;4%&#8221; locked=&#8221;off&#8221;]<\/p>\n<p><span>544\/5000\n10 \u00e5rs erfarenhet i Rayong-provinsen och har skandinavisk bakgrund. Vi \u00e4r p\u00e5 plats en stor del av \u00e5ret med kontor i provinsen Rayong. V\u00e5r thail\u00e4ndska personal \u00e4r h\u00e4r \u00e5ret runt. H\u00e4r p\u00e5 v\u00e5r portal kan du boka ditt boende, betala och skicka dina kontrakt automatiskt. \u00c4garna till v\u00e5ra boende \u00e4r privata och fokuset p\u00e5 ditt v\u00e4lbefinnande \u00e4r h\u00f6gre \u00e4n p\u00e5 m\u00e5nga hotell. Du hittar olika boende i olika storlekar i hela Rayongprovinsen p\u00e5 ett st\u00e4lle, inklusive support p\u00e5 plats i Rayong.<\/span><\/p>\n<p>[\/et_pb_text][\/et_pb_column][et_pb_column type=&#8221;1_2&#8243; _builder_version=&#8221;3.25&#8243; custom_padding=&#8221;|||&#8221; custom_padding__hover=&#8221;|||&#8221;][et_pb_image src=&#8221;https:\/\/visitrayong.com\/wp-content\/uploads\/2019\/09\/travel-bank.jpg&#8221; force_fullwidth=&#8221;on&#8221; align_tablet=&#8221;center&#8221; align_phone=&#8221;&#8221; align_last_edited=&#8221;on|desktop&#8221; _builder_version=&#8221;3.27.4&#8243; custom_margin=&#8221;|||&#8221; animation_style=&#8221;slide&#8221; animation_direction=&#8221;%22fade_in%22&#8243; animation_duration=&#8221;500ms&#8221; animation_intensity_slide=&#8221;10%&#8221; animation=&#8221;fade_in&#8221;][\/et_pb_image][\/et_pb_column][\/et_pb_row][\/et_pb_section][et_pb_section fb_built=&#8221;1&#8243; admin_label=&#8221;Look Inside Section&#8221; _builder_version=&#8221;3.29.2&#8243; background_enable_image=&#8221;off&#8221; parallax=&#8221;on&#8221; custom_padding=&#8221;0px||0px|&#8221;][et_pb_row column_structure=&#8221;1_2,1_2&#8243; use_custom_gutter=&#8221;on&#8221; gutter_width=&#8221;1&#8243; make_equal=&#8221;on&#8221; module_class=&#8221; et_pb_row_fullwidth&#8221; _builder_version=&#8221;3.27.4&#8243; width=&#8221;100%&#8221; width_tablet=&#8221;100%&#8221; width_phone=&#8221;&#8221; width_last_edited=&#8221;on|desktop&#8221; max_width=&#8221;100%&#8221; max_width_tablet=&#8221;100%&#8221; max_width_phone=&#8221;&#8221; max_width_last_edited=&#8221;on|desktop&#8221; custom_padding=&#8221;0px||0px|&#8221; make_fullwidth=&#8221;on&#8221;][et_pb_column type=&#8221;1_2&#8243; _builder_version=&#8221;3.27.4&#8243; background_color=&#8221;#ffffff&#8221; use_background_color_gradient=&#8221;on&#8221; background_color_gradient_start=&#8221;rgba(255,255,255,0.61)&#8221; background_color_gradient_end=&#8221;rgba(255,255,255,0.85)&#8221; background_color_gradient_overlays_image=&#8221;on&#8221; background_image=&#8221;https:\/\/visitrayong.com\/wp-content\/uploads\/2019\/09\/DSC_4559-1.jpg&#8221; custom_padding=&#8221;8%|6%|6%|6%&#8221; custom_padding__hover=&#8221;|||&#8221;][et_pb_text admin_label=&#8221;Look Inside Title&#8221; _builder_version=&#8221;3.27.4&#8243; text_font=&#8221;||||&#8221; text_text_color=&#8221;#1a1a1a&#8221; header_font=&#8221;Oswald|on||on|&#8221; header_text_align=&#8221;right&#8221; header_font_size=&#8221;60px&#8221; header_line_height=&#8221;1.3em&#8221; module_alignment=&#8221;right&#8221; custom_margin=&#8221;|||&#8221; custom_padding=&#8221;|||&#8221; animation_style=&#8221;slide&#8221; animation_direction=&#8221;top&#8221; animation_intensity_slide=&#8221;10%&#8221; locked=&#8221;off&#8221;]<\/p>\n<h1>Uppt\u00e4ck Rayong-attraktioner<\/h1>\n<p>[\/et_pb_text][et_pb_image align_tablet=&#8221;center&#8221; align_phone=&#8221;&#8221; align_last_edited=&#8221;on|desktop&#8221; _builder_version=&#8221;3.23&#8243; animation_style=&#8221;slide&#8221; animation_direction=&#8221;left&#8221; animation_duration=&#8221;500ms&#8221; animation_intensity_slide=&#8221;10%&#8221;][\/et_pb_image][et_pb_divider color=&#8221;#3874ff&#8221; divider_position=&#8221;center&#8221; divider_weight=&#8221;3px&#8221; disabled_on=&#8221;on|on|off%22&#8243; _builder_version=&#8221;3.27.4&#8243; max_width=&#8221;150px&#8221; module_alignment=&#8221;right&#8221; height=&#8221;false&#8221; custom_margin=&#8221;30px|||&#8221; animation_style=&#8221;slide&#8221; animation_direction=&#8221;top&#8221; animation_delay=&#8221;100ms&#8221; animation_intensity_slide=&#8221;10%&#8221; locked=&#8221;off&#8221;][\/et_pb_divider][et_pb_text admin_label=&#8221;Look Inside Sub Title&#8221; _builder_version=&#8221;3.27.4&#8243; text_font=&#8221;Roboto||||&#8221; text_text_color=&#8221;#1a1a1a&#8221; text_font_size=&#8221;24px&#8221; text_line_height=&#8221;1.4em&#8221; background_size=&#8221;initial&#8221; background_position=&#8221;top_left&#8221; background_repeat=&#8221;repeat&#8221; text_orientation=&#8221;right&#8221; max_width=&#8221;450px&#8221; module_alignment=&#8221;right&#8221; custom_padding=&#8221;30px|||&#8221; animation_style=&#8221;slide&#8221; animation_direction=&#8221;top&#8221; animation_delay=&#8221;200ms&#8221; animation_intensity_slide=&#8221;10%&#8221; locked=&#8221;off&#8221;]<\/p>\n<p>M\u00e5nga platser v\u00e4ntar p\u00e5 dig. G\u00f6r vardagen till att bli of\u00f6rgl\u00f6mt minne.<\/p>\n<p>[\/et_pb_text][\/et_pb_column][et_pb_column type=&#8221;1_2&#8243; _builder_version=&#8221;3.25&#8243; custom_padding=&#8221;|||&#8221; custom_padding__hover=&#8221;|||&#8221;][et_pb_image src=&#8221;https:\/\/visitrayong.com\/wp-content\/uploads\/2019\/09\/beach02.jpg&#8221; _builder_version=&#8221;3.27.4&#8243; filter_saturate=&#8221;112%&#8221; filter_brightness=&#8221;106%&#8221; filter_contrast=&#8221;103%&#8221; animation_style=&#8221;fade&#8221; animation_delay=&#8221;100ms&#8221;][\/et_pb_image][\/et_pb_column][\/et_pb_row][\/et_pb_section][et_pb_section fb_built=&#8221;1&#8243; admin_label=&#8221;Gallery&#8221; _builder_version=&#8221;3.22&#8243; custom_padding=&#8221;0px||0px|&#8221;][et_pb_row column_structure=&#8221;1_4,1_4,1_4,1_4&#8243; use_custom_gutter=&#8221;on&#8221; gutter_width=&#8221;1&#8243; make_equal=&#8221;on&#8221; admin_label=&#8221;Image Grid&#8221; module_class=&#8221; et_pb_row_fullwidth&#8221; _builder_version=&#8221;3.27.4&#8243; background_size=&#8221;initial&#8221; background_position=&#8221;top_left&#8221; background_repeat=&#8221;repeat&#8221; width=&#8221;100%&#8221; width_tablet=&#8221;100%&#8221; width_phone=&#8221;&#8221; width_last_edited=&#8221;on|desktop&#8221; max_width=&#8221;100%&#8221; max_width_tablet=&#8221;100%&#8221; max_width_phone=&#8221;&#8221; max_width_last_edited=&#8221;on|desktop&#8221; custom_padding=&#8221;0px|0px|0px|0px&#8221; make_fullwidth=&#8221;on&#8221;][et_pb_column type=&#8221;1_4&#8243; _builder_version=&#8221;3.27.4&#8243;][et_pb_image src=&#8221;https:\/\/visitrayong.com\/wp-content\/uploads\/2019\/09\/samedcoast02.jpg&#8221; _builder_version=&#8221;3.27.4&#8243; animation_style=&#8221;fade&#8221; animation_delay=&#8221;150ms&#8221;][\/et_pb_image][\/et_pb_column][et_pb_column type=&#8221;1_4&#8243; _builder_version=&#8221;3.27.4&#8243;][et_pb_image src=&#8221;https:\/\/visitrayong.com\/wp-content\/uploads\/2019\/09\/strawland03.jpg&#8221; _builder_version=&#8221;3.27.4&#8243; animation_style=&#8221;fade&#8221; animation_delay=&#8221;200ms&#8221;][\/et_pb_image][\/et_pb_column][et_pb_column type=&#8221;1_4&#8243; _builder_version=&#8221;3.27.4&#8243;][et_pb_image src=&#8221;https:\/\/visitrayong.com\/wp-content\/uploads\/2019\/09\/cosmosrayong02.jpg&#8221; _builder_version=&#8221;3.27.4&#8243; animation_style=&#8221;fade&#8221; animation_delay=&#8221;250ms&#8221;][\/et_pb_image][\/et_pb_column][et_pb_column type=&#8221;1_4&#8243; _builder_version=&#8221;3.27.4&#8243;][et_pb_image src=&#8221;https:\/\/visitrayong.com\/wp-content\/uploads\/2019\/09\/koh_lanta.jpg&#8221; _builder_version=&#8221;3.27.4&#8243; animation_style=&#8221;fade&#8221; animation_delay=&#8221;300ms&#8221;][\/et_pb_image][\/et_pb_column][\/et_pb_row][et_pb_row column_structure=&#8221;1_4,1_4,1_4,1_4&#8243; use_custom_gutter=&#8221;on&#8221; gutter_width=&#8221;1&#8243; make_equal=&#8221;on&#8221; admin_label=&#8221;Image Grid&#8221; module_class=&#8221; et_pb_row_fullwidth&#8221; _builder_version=&#8221;3.27.4&#8243; background_size=&#8221;initial&#8221; background_position=&#8221;top_left&#8221; background_repeat=&#8221;repeat&#8221; width=&#8221;100%&#8221; width_tablet=&#8221;100%&#8221; width_phone=&#8221;&#8221; width_last_edited=&#8221;on|desktop&#8221; max_width=&#8221;100%&#8221; max_width_tablet=&#8221;100%&#8221; max_width_phone=&#8221;&#8221; max_width_last_edited=&#8221;on|desktop&#8221; custom_padding=&#8221;0px|0px|0px|0px&#8221; make_fullwidth=&#8221;on&#8221;][et_pb_column type=&#8221;1_4&#8243; _builder_version=&#8221;3.25&#8243; custom_padding=&#8221;|||&#8221; custom_padding__hover=&#8221;|||&#8221;][et_pb_image src=&#8221;https:\/\/visitrayong.com\/wp-content\/uploads\/2019\/09\/travel-bank.jpg&#8221; show_in_lightbox=&#8221;on&#8221; force_fullwidth=&#8221;on&#8221; align_tablet=&#8221;center&#8221; align_phone=&#8221;&#8221; align_last_edited=&#8221;on|desktop&#8221; _builder_version=&#8221;3.27.4&#8243; animation_style=&#8221;fade&#8221; animation_delay=&#8221;200ms&#8221; locked=&#8221;off&#8221;][\/et_pb_image][\/et_pb_column][et_pb_column type=&#8221;1_4&#8243; _builder_version=&#8221;3.27.4&#8243;][et_pb_image src=&#8221;https:\/\/visitrayong.com\/wp-content\/uploads\/2019\/09\/mangrove.jpg&#8221; _builder_version=&#8221;3.27.4&#8243; animation_style=&#8221;fade&#8221; animation_delay=&#8221;250ms&#8221;][\/et_pb_image][\/et_pb_column][et_pb_column type=&#8221;1_4&#8243; _builder_version=&#8221;3.27.4&#8243;][et_pb_image src=&#8221;https:\/\/visitrayong.com\/wp-content\/uploads\/2019\/09\/strawland04.jpg&#8221; _builder_version=&#8221;3.27.4&#8243; animation_style=&#8221;fade&#8221; animation_delay=&#8221;300ms&#8221;][\/et_pb_image][\/et_pb_column][et_pb_column type=&#8221;1_4&#8243; _builder_version=&#8221;3.27.4&#8243;][et_pb_image src=&#8221;https:\/\/visitrayong.com\/wp-content\/uploads\/2019\/09\/hinkhao.jpg&#8221; _builder_version=&#8221;3.27.4&#8243; animation_style=&#8221;fade&#8221; animation_delay=&#8221;350ms&#8221;][\/et_pb_image][\/et_pb_column][\/et_pb_row][\/et_pb_section][et_pb_section fb_built=&#8221;1&#8243; custom_padding_last_edited=&#8221;on|tablet&#8221; _builder_version=&#8221;3.22&#8243; custom_padding=&#8221;180px||180px|&#8221; custom_padding_tablet=&#8221;80px||80px|&#8221; custom_padding_phone=&#8221;&#8221;][et_pb_row _builder_version=&#8221;3.25&#8243; locked=&#8221;off&#8221;][et_pb_column type=&#8221;4_4&#8243; _builder_version=&#8221;3.25&#8243; custom_padding=&#8221;|||&#8221; custom_padding__hover=&#8221;|||&#8221;][et_pb_text admin_label=&#8221;More Places Title&#8221; _builder_version=&#8221;3.27.4&#8243; text_font=&#8221;||||&#8221; header_font=&#8221;Oswald|on||on|&#8221; header_font_size=&#8221;60px&#8221; header_line_height=&#8221;1.3em&#8221; background_size=&#8221;initial&#8221; background_position=&#8221;top_left&#8221; background_repeat=&#8221;repeat&#8221; text_orientation=&#8221;center&#8221; custom_margin=&#8221;|||&#8221; custom_padding=&#8221;|||&#8221; animation_style=&#8221;slide&#8221; animation_direction=&#8221;top&#8221; animation_intensity_slide=&#8221;10%&#8221;]<\/p>\n<h1>WE Got You Covered<\/h1>\n<p>[\/et_pb_text][et_pb_divider color=&#8221;#3874ff&#8221; divider_position=&#8221;center&#8221; divider_weight=&#8221;3px&#8221; disabled_on=&#8221;on|on|off%22&#8243; _builder_version=&#8221;3.27.4&#8243; max_width=&#8221;150px&#8221; module_alignment=&#8221;center&#8221; height=&#8221;false&#8221; custom_margin=&#8221;30px|||&#8221; animation_style=&#8221;slide&#8221; animation_direction=&#8221;top&#8221; animation_delay=&#8221;100ms&#8221; animation_intensity_slide=&#8221;10%&#8221; locked=&#8221;off&#8221;][\/et_pb_divider][\/et_pb_column][\/et_pb_row][et_pb_row column_structure=&#8221;1_3,1_3,1_3&#8243; _builder_version=&#8221;3.25&#8243; custom_padding=&#8221;70px|||&#8221; locked=&#8221;off&#8221;][et_pb_column type=&#8221;1_3&#8243; _builder_version=&#8221;3.25&#8243; custom_padding=&#8221;|||&#8221; custom_padding__hover=&#8221;|||&#8221;][et_pb_blurb title=&#8221;Taxi Booking&#8221; use_icon=&#8221;on&#8221; font_icon=&#8221;%%121%%&#8221; icon_color=&#8221;#3874ff&#8221; use_icon_font_size=&#8221;on&#8221; icon_font_size=&#8221;60px&#8221; _builder_version=&#8221;4.3.2&#8243; header_font=&#8221;Oswald|on||on|&#8221; header_font_size=&#8221;24px&#8221; body_font=&#8221;Roboto||||&#8221; body_font_size=&#8221;16px&#8221; body_line_height=&#8221;1.8em&#8221; text_orientation=&#8221;center&#8221; link_option_url=&#8221;@ET-DC@eyJkeW5hbWljIjp0cnVlLCJjb250ZW50IjoicG9zdF9saW5rX3VybF9wYWdlIiwic2V0dGluZ3MiOnsicG9zdF9pZCI6IjU0MDgifX0=@&#8221; hover_enabled=&#8221;0&#8243; _dynamic_attributes=&#8221;link_option_url&#8221;]Lorem ipsum dolor sit amet, consectetur adipisicing elit, sed do eiusmod tempor incididunt ut labore et dolore.[\/et_pb_blurb][\/et_pb_column][et_pb_column type=&#8221;1_3&#8243; _builder_version=&#8221;3.25&#8243; custom_padding=&#8221;|||&#8221; custom_padding__hover=&#8221;|||&#8221;][et_pb_blurb title=&#8221;Exclusive Packages&#8221; use_icon=&#8221;on&#8221; font_icon=&#8221;%%151%%&#8221; icon_color=&#8221;#3874ff&#8221; use_icon_font_size=&#8221;on&#8221; icon_font_size=&#8221;60px&#8221; _builder_version=&#8221;3.27.4&#8243; header_font=&#8221;Oswald|on||on|&#8221; header_font_size=&#8221;24px&#8221; body_font=&#8221;Roboto||||&#8221; body_font_size=&#8221;16px&#8221; body_line_height=&#8221;1.8em&#8221; text_orientation=&#8221;center&#8221; link_option_url=&#8221;\/packages&#8221;]Lorem ipsum dolor sit amet, consectetur adipisicing elit, sed do eiusmod tempor incididunt ut labore et dolore.[\/et_pb_blurb][\/et_pb_column][et_pb_column type=&#8221;1_3&#8243; _builder_version=&#8221;3.25&#8243; custom_padding=&#8221;|||&#8221; custom_padding__hover=&#8221;|||&#8221;][et_pb_blurb title=&#8221;Partner Restaurants&#8221; use_icon=&#8221;on&#8221; font_icon=&#8221;%%102%%&#8221; icon_color=&#8221;#3874ff&#8221; use_icon_font_size=&#8221;on&#8221; icon_font_size=&#8221;60px&#8221; _builder_version=&#8221;3.27.4&#8243; header_font=&#8221;Oswald|on||on|&#8221; header_font_size=&#8221;24px&#8221; body_font=&#8221;Roboto||||&#8221; body_font_size=&#8221;16px&#8221; body_line_height=&#8221;1.8em&#8221; text_orientation=&#8221;center&#8221; link_option_url=&#8221;\/restaurants&#8221;]Lorem ipsum dolor sit amet, consectetur adipisicing elit, sed do eiusmod tempor incididunt ut labore et dolore.[\/et_pb_blurb][\/et_pb_column][\/et_pb_row][\/et_pb_section]<\/p>","protected":false},"excerpt":{"rendered":"<p>ABOUT USWelcome to Rayong, a gem in Thailand with an over 100 km long stretch of coastline. Here you will find genuine Thailand with prices lower than in many other parts of the country. Rayong is also the Thailand&#8217;s own tourist paradise.Rayong Specialistvisitrayong.com is a portal where you will find information about Rayong Province. Rayong [&hellip;]<\/p>","protected":false},"author":1,"featured_media":0,"parent":0,"menu_order":0,"comment_status":"closed","ping_status":"closed","template":"","meta":{"_et_pb_use_builder":"on","_et_pb_old_content":"","_et_gb_content_width":"","footnotes":""},"class_list":["post-221","page","type-page","status-publish","hentry"],"_links":{"self":[{"href":"https:\/\/visitrayong.com\/sv\/wp-json\/wp\/v2\/pages\/221"}],"collection":[{"href":"https:\/\/visitrayong.com\/sv\/wp-json\/wp\/v2\/pages"}],"about":[{"href":"https:\/\/visitrayong.com\/sv\/wp-json\/wp\/v2\/types\/page"}],"author":[{"embeddable":true,"href":"https:\/\/visitrayong.com\/sv\/wp-json\/wp\/v2\/users\/1"}],"replies":[{"embeddable":true,"href":"https:\/\/visitrayong.com\/sv\/wp-json\/wp\/v2\/comments?post=221"}],"version-history":[{"count":15,"href":"https:\/\/visitrayong.com\/sv\/wp-json\/wp\/v2\/pages\/221\/revisions"}],"predecessor-version":[{"id":9459,"href":"https:\/\/visitrayong.com\/sv\/wp-json\/wp\/v2\/pages\/221\/revisions\/9459"}],"wp:attachment":[{"href":"https:\/\/visitrayong.com\/sv\/wp-json\/wp\/v2\/media?parent=221"}],"curies":[{"name":"wp","href":"https:\/\/api.w.org\/{rel}","templated":true}]}}